{"id":124,"date":"2019-01-19T09:50:20","date_gmt":"2019-01-19T08:50:20","guid":{"rendered":"http:\/\/atanyprojektek.infora.hu\/?page_id=124"},"modified":"2020-07-05T12:18:55","modified_gmt":"2020-07-05T10:18:55","slug":"efop-2-4-1-16","status":"publish","type":"page","link":"http:\/\/atanyprojektek.infora.hu\/index.php\/efop-os-palyazataink\/efop-2-4-1-16\/","title":{"rendered":"EFOP-2.4.1-16-2017-00058 &#8211; Lakhat\u00e1si c\u00e9l\u00fa beruh\u00e1z\u00e1sok megval\u00f3s\u00edt\u00e1sa \u00c1t\u00e1nyban"},"content":{"rendered":"<p style=\"text-align: center;\"><a title=\"Seg\u00e9dletek\" href=\"https:\/\/www.palyazat.gov.hu\/efop-241-szegreglt-lethelyzetek-felszmolsa-komplex-programokkal-erfa#\" target=\"_blank\" rel=\"noopener\">Seg\u00e9dletek!<\/a><\/p>\n<p style=\"text-align: center;\"><a href=\"http:\/\/atanyprojektek.infora.hu\/wp-content\/uploads\/2019\/06\/Felhivas-1525.pdf\" class=\"pdfemb-viewer\" style=\"\" data-width=\"max\" data-height=\"max\" data-toolbar=\"bottom\" data-toolbar-fixed=\"on\">Felhivas-1525<\/a><\/p>\n<p>2019.01.19.<\/p>\n\n\n\n\n<p><img loading=\"lazy\" decoding=\"async\" class=\"wp-image-564 aligncenter\" src=\"http:\/\/atanyprojektek.infora.hu\/wp-content\/uploads\/2020\/07\/82846331_818223565268706_4668767104453836800_o.jpg\" alt=\"\" width=\"850\" height=\"1133\" srcset=\"http:\/\/atanyprojektek.infora.hu\/wp-content\/uploads\/2020\/07\/82846331_818223565268706_4668767104453836800_o.jpg 1536w, http:\/\/atanyprojektek.infora.hu\/wp-content\/uploads\/2020\/07\/82846331_818223565268706_4668767104453836800_o-768x1024.jpg 768w, http:\/\/atanyprojektek.infora.hu\/wp-content\/uploads\/2020\/07\/82846331_818223565268706_4668767104453836800_o-1152x1536.jpg 1152w\" sizes=\"(max-width: 850px) 100vw, 850px\" \/><\/p>\n<p><img loading=\"lazy\" decoding=\"async\" class=\"wp-image-565 aligncenter\" src=\"http:\/\/atanyprojektek.infora.hu\/wp-content\/uploads\/2020\/07\/84330629_818223395268723_3842643407927246848_o.jpg\" alt=\"\" width=\"850\" height=\"638\" srcset=\"http:\/\/atanyprojektek.infora.hu\/wp-content\/uploads\/2020\/07\/84330629_818223395268723_3842643407927246848_o.jpg 2048w, http:\/\/atanyprojektek.infora.hu\/wp-content\/uploads\/2020\/07\/84330629_818223395268723_3842643407927246848_o-768x576.jpg 768w, http:\/\/atanyprojektek.infora.hu\/wp-content\/uploads\/2020\/07\/84330629_818223395268723_3842643407927246848_o-1536x1152.jpg 1536w\" sizes=\"(max-width: 850px) 100vw, 850px\" \/><\/p>\n","protected":false},"excerpt":{"rendered":"<p>Seg\u00e9dletek! 2019.01.19.<\/p>\n","protected":false},"author":1,"featured_media":0,"parent":405,"menu_order":2,"comment_status":"closed","ping_status":"closed","template":"","meta":{"footnotes":""},"class_list":["post-124","page","type-page","status-publish"],"_links":{"self":[{"href":"http:\/\/atanyprojektek.infora.hu\/index.php\/wp-json\/wp\/v2\/pages\/124"}],"collection":[{"href":"http:\/\/atanyprojektek.infora.hu\/index.php\/wp-json\/wp\/v2\/pages"}],"about":[{"href":"http:\/\/atanyprojektek.infora.hu\/index.php\/wp-json\/wp\/v2\/types\/page"}],"author":[{"embeddable":true,"href":"http:\/\/atanyprojektek.infora.hu\/index.php\/wp-json\/wp\/v2\/users\/1"}],"replies":[{"embeddable":true,"href":"http:\/\/atanyprojektek.infora.hu\/index.php\/wp-json\/wp\/v2\/comments?post=124"}],"version-history":[{"count":11,"href":"http:\/\/atanyprojektek.infora.hu\/index.php\/wp-json\/wp\/v2\/pages\/124\/revisions"}],"predecessor-version":[{"id":566,"href":"http:\/\/atanyprojektek.infora.hu\/index.php\/wp-json\/wp\/v2\/pages\/124\/revisions\/566"}],"up":[{"embeddable":true,"href":"http:\/\/atanyprojektek.infora.hu\/index.php\/wp-json\/wp\/v2\/pages\/405"}],"wp:attachment":[{"href":"http:\/\/atanyprojektek.infora.hu\/index.php\/wp-json\/wp\/v2\/media?parent=124"}],"curies":[{"name":"wp","href":"https:\/\/api.w.org\/{rel}","templated":true}]}}