{"id":21,"date":"2018-11-17T09:38:38","date_gmt":"2018-11-17T09:38:38","guid":{"rendered":"http:\/\/atanyprojektek.infora.hu\/?page_id=21"},"modified":"2020-05-14T17:34:56","modified_gmt":"2020-05-14T15:34:56","slug":"top-2-1-3-15-he1-2016-00002","status":"publish","type":"page","link":"http:\/\/atanyprojektek.infora.hu\/index.php\/top-os-palyazataink\/top-2-1-3-15-he1-2016-00002\/","title":{"rendered":"TOP-2.1.3-15-HE1-2016-00002 &#8211; \u00c1t\u00e1ny k\u00f6zs\u00e9g felsz\u00edni v\u00edzelvezet\u00e9si rendszer\u00e9nek fel\u00faj\u00edt\u00e1sa"},"content":{"rendered":"<div class=\"mainwrap\">\n<div class=\"main clearfix\">\n<p><img loading=\"lazy\" decoding=\"async\" class=\"size-full wp-image-491 aligncenter\" src=\"http:\/\/atanyprojektek.infora.hu\/wp-content\/uploads\/2020\/05\/TOP-213.jpg\" alt=\"\" width=\"768\" height=\"539\" \/><\/p>\n<p style=\"text-align: center;\"><strong>Szeml\u00e9letform\u00e1l\u00f3 \u00e9s t\u00e1j\u00e9koztat\u00f3 f\u00f3rum !<\/strong><\/p>\n<div class=\"content fullwidth\">\n<div class=\"postcontent\">\n<p style=\"text-align: center;\">2018.\u00a0 okt\u00f3ber 25.<img loading=\"lazy\" decoding=\"async\" class=\"alignnone size-medium wp-image-43\" src=\"http:\/\/atanyprojektek.infora.hu\/wp-content\/uploads\/2018\/11\/IMG_20181025_140709.jpg\" alt=\"\" width=\"4160\" height=\"2340\" srcset=\"http:\/\/atanyprojektek.infora.hu\/wp-content\/uploads\/2018\/11\/IMG_20181025_140709.jpg 4160w, http:\/\/atanyprojektek.infora.hu\/wp-content\/uploads\/2018\/11\/IMG_20181025_140709-768x432.jpg 768w\" sizes=\"(max-width: 4160px) 100vw, 4160px\" \/><\/p>\n<p><img loading=\"lazy\" decoding=\"async\" class=\"alignnone size-full wp-image-42\" src=\"http:\/\/atanyprojektek.infora.hu\/wp-content\/uploads\/2018\/11\/IMG_20181025_140731_1540809639353.jpg\" alt=\"\" width=\"4160\" height=\"2340\" srcset=\"http:\/\/atanyprojektek.infora.hu\/wp-content\/uploads\/2018\/11\/IMG_20181025_140731_1540809639353.jpg 4160w, http:\/\/atanyprojektek.infora.hu\/wp-content\/uploads\/2018\/11\/IMG_20181025_140731_1540809639353-768x432.jpg 768w\" sizes=\"(max-width: 4160px) 100vw, 4160px\" \/>\u00a0 <img loading=\"lazy\" decoding=\"async\" class=\"alignnone size-medium wp-image-44\" src=\"http:\/\/atanyprojektek.infora.hu\/wp-content\/uploads\/2018\/11\/IMG_20181025_140717.jpg\" alt=\"\" width=\"4160\" height=\"2340\" srcset=\"http:\/\/atanyprojektek.infora.hu\/wp-content\/uploads\/2018\/11\/IMG_20181025_140717.jpg 4160w, http:\/\/atanyprojektek.infora.hu\/wp-content\/uploads\/2018\/11\/IMG_20181025_140717-768x432.jpg 768w\" sizes=\"(max-width: 4160px) 100vw, 4160px\" \/><\/p>\n<div class=\"posttext\">\n<hr \/>\n<p style=\"text-align: center;\"><a href=\"http:\/\/fuzeshirek.hu\/felujitjak-a-felszini-vizelvezetesi-rendszert-atanyban\/\" target=\"_blank\" rel=\"noopener\">Fel\u00faj\u00edtj\u00e1k a felsz\u00edni v\u00edzelvezet\u00e9si rendszert \u00c1t\u00e1nyban F\u00dcZES HIREK<\/a><\/p>\n<p><img loading=\"lazy\" decoding=\"async\" class=\"alignnone size-medium\" src=\"http:\/\/fuzeshirek.hu\/wp-content\/uploads\/2018\/10\/DSC07841-768x511.jpg\" width=\"768\" height=\"511\" \/><\/p>\n<div class=\"usercontent\">\n<hr \/>\n<p style=\"padding-left: 30px; text-align: center;\"><em>R\u00d6VID \u00d6SSZEFOGLAL\u00c1S A PROJEKTR\u0150L<\/em><\/p>\n<p class=\"Szvegtrzs20\" style=\"padding-left: 30px; text-align: justify;\"><span class=\"Szvegtrzs2\">A telep\u00fcl\u00e9si v\u00edzgazd\u00e1lkod\u00e1s az iv\u00f3v\u00edzell\u00e1t\u00e1son, csatorn\u00e1z\u00e1son \u00e9s szennyv\u00edztiszt\u00edt\u00e1son t\u00fal tartalmazza a belter\u00fcleti csapad\u00e9kv\u00edz elvezet\u00e9s\u00e9t is. C\u00e9lja ma m\u00e1r a telep\u00fcl\u00e9si v\u00edz- \u00e9s az ahhoz kapcsol\u00f3d\u00f3 anyagforgalom egy\u00fcttes kezel\u00e9se, lehet\u0151s\u00e9g szerint oly m\u00f3don, hogy z\u00e1rt ciklusok j\u00f6jjenek l\u00e9tre. A helyi \u00f6nkorm\u00e1nyzatokr\u00f3l sz\u00f3l\u00f3 1990. \u00e9vi LXV. t\u00f6rv\u00e9ny szerint a telep\u00fcl\u00e9si \u00f6nkorm\u00e1nyzat feladata a helyi k\u00f6zszolg\u00e1ltat\u00e1sok k\u00f6r\u00e9ben a v\u00edzrendez\u00e9s \u00e9s a csapad\u00e9kv\u00edz-elvezet\u00e9s. Sajnos telep\u00fcl\u00e9s\u00fcnk eset\u00e9ben, a rendelkez\u00e9sre \u00e1ll\u00f3 fejleszt\u00e9si forr\u00e1sok nem elegend\u0151ek a v\u00edzrendez\u00e9s \u00e9s a csapad\u00e9kv\u00edz elvezet\u00e9s tart\u00f3s megold\u00e1s\u00e1ra, ez\u00e9rt p\u00e1ly\u00e1zati forr\u00e1s bevon\u00e1sa n\u00e9lk\u00fcl\u00f6zhetetlen a projektben tervezett int\u00e9zked\u00e9sek, fejleszt\u00e9sek megval\u00f3s\u00edt\u00e1s\u00e1ra.<\/span><\/p>\n<p class=\"Szvegtrzs20\" style=\"padding-left: 30px; text-align: justify;\"><span class=\"Szvegtrzs2\">A v\u00edzgazd\u00e1lkod\u00e1sr\u00f3l sz\u00f3l\u00f3 1995. \u00e9vi LVII. t\u00f6rv\u00e9ny neves\u00edtve sorolja a helyi \u00f6nkorm\u00e1nyzati feladatk\u00f6rbe a helyi v\u00edzrendez\u00e9st \u00e9s v\u00edzk\u00e1relh\u00e1r\u00edt\u00e1st. A belter\u00fcleti v\u00edzrendez\u00e9s jelenlegi helyzet\u00e9nek egyik igen s\u00falyos probl\u00e9m\u00e1ja a m\u00e1r meg\u00e9p\u00fclt m\u0171vek el\u00e9gtelen fenntart\u00e1sa, forr\u00e1shi\u00e1ny miatt a megfelel\u0151 karbantart\u00e1sa, fel\u00faj\u00edt\u00e1sa. A telep\u00fcl\u00e9sfejleszt\u00e9s egyik igen fontos t\u00e9nyez\u0151je a talajv\u00edz, mind az \u00e9p\u00edt\u00e9si probl\u00e9m\u00e1kn\u00e1l, mind a k\u00e1rok megel\u0151z\u00e9s\u00e9ben. A belter\u00fcleti rendez\u00e9s el\u0151felt\u00e9tele, hogy a k\u00fclter\u00fcletr\u0151l a belter\u00fcleti m\u0171vek teljes\u00edt\u0151k\u00e9pess\u00e9g\u00e9t meghalad\u00f3 t\u00falterhel\u00e9s ne j\u00f6hessen l\u00e9tre. Feladat teh\u00e1t az is, hogy a k\u00fclter\u00fcleten keletkez\u0151 csapad\u00e9kv\u00edz \u00e9s hordal\u00e9k min\u00e9l kisebb h\u00e1nyada ker\u00fclj\u00f6n a belter\u00fcletre. A ter\u00fcleti v\u00edzrendez\u00e9si tev\u00e9kenys\u00e9g befoly\u00e1solja az \u00e9rintett ter\u00fclet \u00f6sszes tulajdonos\u00e1nak, haszn\u00e1l\u00f3j\u00e1nak \u00e9rdekeit.K\u00f6z\u00f6s \u00e9rdek, hogy a v\u00edzelvezet\u0151 m\u0171 kezel\u00e9s\u00e9r\u0151l, karbantart\u00e1s\u00e1r\u00f3l folyamatosan gondoskodjanak. Ennek \u00e9rdek\u00e9ben \u00c1t\u00e1ny \u00f6nkorm\u00e1nyzata lakoss\u00e1gi t\u00e1j\u00e9koztat\u00e1sokat tervez tartani a projekt ideje sor\u00e1n illetve a fenntart\u00e1si id\u0151szakban \u00e9s azt k\u00f6vet\u0151 szakaszokban is. A jelen p\u00e1ly\u00e1zat a felsz\u00edni \u00e9s ezen bel\u00fcl a belter\u00fcleti v\u00edzrendez\u00e9st \u00e9rinti (\u00e1rkos v\u00edzrendez\u00e9s) \u00e9s jelenleg ez indokolt, mert a v\u00edzk\u00e1rokat kiz\u00e1r\u00f3lag vagy nagyobbr\u00e9szt a felsz\u00edni vizek (csapad\u00e9k, talajv\u00edz, mederb\u0151l kil\u00e9p\u0151 v\u00edz, stb.) okozz\u00e1k. A felsz\u00edni v\u00edzrendez\u00e9s m\u0171vei az utak, burkolt fel\u00fcletek v\u00edzelvezet\u0151 \u00e1rkai, az \u00f6v\u00e1rkok, z\u00e1port\u00e1roz\u00f3k stb. A p\u00e1ly\u00e1zat keret\u00e9ben az \u00e1rkok g\u00e9pi kotr\u00e1sa, iszaptalan\u00edt\u00e1sa, \u00e9s a v\u00edzbefogad\u00f3k m\u00e9rt\u00e9k\u00e9nek megfelel\u0151 m\u00e9ly\u00edt\u00e9se t\u00f6rt\u00e9nik meg. Egy telep\u00fcl\u00e9s v\u00edzelvezet\u00e9si rendszer\u00e9nek kialak\u00edt\u00e1sa sor\u00e1n a<\/span> <span class=\"Szvegtrzs2\">rendszer lehet ny\u00edlt\u00e1rkos, z\u00e1rt csatorn\u00e1s illetve kombin\u00e1lt megold\u00e1s\u00fa. \u00c1t\u00e1ny eset\u00e9ben ny\u00edlt\u00e1rkos rendszerr\u0151l besz\u00e9l\u00fcnk, jelenleg is ilyen rendszer van, a z\u00e1rt csatorn\u00e1s megold\u00e1s a beruh\u00e1z\u00e1si \u00f6sszegeket tekintve a legk\u00f6lts\u00e9gesebb, \u00e9s az \u00fczemeltet\u00e9s is nagyobb figyelmet k\u00edv\u00e1n. A f\u0151gy\u0171jt\u0151 csatlakozik olyan befogad\u00f3ba, amely m\u00e1r k\u00e1rt\u00e9tel n\u00e9lk\u00fcl tudja elvezetni a telep\u00fcl\u00e9s az \u00e1rkok karbantart\u00e1sa, kotr\u00e1sa \u00e9s m\u00e9ly\u00edt\u00e9se k\u00f6vetkezt\u00e9ben \u00f6sszegy\u0171lt vizeket.<\/span><\/p>\n<p class=\"Szvegtrzs20\" style=\"padding-left: 30px; text-align: center;\"><span class=\"Szvegtrzs2\"><img loading=\"lazy\" decoding=\"async\" class=\"size-full wp-image-14427 alignnone\" src=\"http:\/\/www.atany.hu\/wp-content\/uploads\/2018\/07\/1.jpg\" sizes=\"(max-width: 554px) 100vw, 554px\" srcset=\"http:\/\/www.atany.hu\/wp-content\/uploads\/2018\/07\/1.jpg 554w, http:\/\/www.atany.hu\/wp-content\/uploads\/2018\/07\/1-225x300.jpg 225w\" alt=\"\" width=\"554\" height=\"740\" \/><br \/>\n<\/span><\/p>\n<p style=\"padding-left: 30px; text-align: center;\"><strong>M\u0171szaki param\u00e9terek:<\/strong><\/p>\n<p style=\"padding-left: 30px; text-align: center;\">\u2013 A fel\u00faj\u00edt\u00e1s \u00e9s kialak\u00edt\u00e1s eredm\u00e9nyek\u00e9nt 132 darab 5 m\u00e9ter hossz\u00fas\u00e1g\u00fa \u00e9s 300 mm \u00e1tm\u00e9r\u0151j\u0171 valamint 8 darab 8 m\u00e9ter hossz\u00fa \u00e9s 800 mm \u00e1tm\u00e9r\u0151j\u0171 \u00e1teresz ker\u00fcl kivitelez\u00e9sre. Az \u00e1tereszek cser\u00e9je k\u00f6vetkezt\u00e9ben minden \u00e1teresz eset\u00e9ben a k\u00e9t oldali t\u00e1mfal kialak\u00edt\u00e1sa is megt\u00f6rt\u00e9nik.<br \/>\n\u2013 A beavatkoz\u00e1s k\u00f6vetkezt\u00e9ben megt\u00f6rt\u00e9nik az \u00e1rkok g\u00e9pi kotr\u00e1sa, tehermentes\u00edt\u00e9se, iszaptalan\u00edt\u00e1sa \u00e9s a hordal\u00e9kok kitermel\u00e9se. (10 km hossz\u00fas\u00e1gban). A tervekben szerepl\u0151 \u00e1rokm\u00e9retek helyre\u00e1ll\u00edt\u00e1sa \u00e9s kialak\u00edt\u00e1sa a c\u00e9l, mindez olyan m\u00e9rt\u00e9kben amely a befogad\u00f3 param\u00e9tereinek megfelel\u0151. \u00dagyszint\u00e9n megval\u00f3sulnak az oldalfalak meger\u0151s\u00edt\u00e9se, jav\u00edt\u00e1sa. A helyre\u00e1ll\u00edt\u00e1s eredm\u00e9nyek\u00e9nt \u00c1t\u00e1ny K\u00f6zs\u00e9g \u00d6nkorm\u00e1nyzata \u00e1ltal \u00fczemeltetend\u0151 belter\u00fcleti csapad\u00e9kv\u00edz-elvezet\u0151 rendszer m\u0171szaki \u00e1llapota meg fog felelni a vonatkoz\u00f3 jogszab\u00e1lyi k\u00f6vetelm\u00e9nyeknek \u00e9s k\u00e9pes lesz a 1995. \u00e9vi LVII. t\u00f6rv\u00e9ny 4 \u00a7 (1) bekezd\u00e9se \u00e9rtelm\u00e9ben a helyi \u00f6nkorm\u00e1nyzatok hat\u00e1sk\u00f6r\u00e9be rendelt k\u00e1rmegel\u0151z\u00e9si \u00e9s a vizek k\u00e1rt\u00e9telei elleni v\u00e9delemi feladatok ell\u00e1t\u00e1s\u00e1ra.<br \/>\n\u2013 A projekt keret\u00e9ben a fel\u00faj\u00edt\u00e1ssal \u00e9rintett szakaszokon v\u00edzelnyel\u0151k kialak\u00edt\u00e1sa val\u00f3sul meg<br \/>\n\u2013 A keresztez\u0151 m\u0171t\u00e1rgyak \u00e1t\u00e9p\u00edt\u00e9s\u00e9t, kiv\u00e1lt\u00e1s\u00e1t, rekonstrukci\u00f3j\u00e1t azok \u00e1llapota, eliszapol\u00f3d\u00e1sa, esetleges s\u00e9r\u00fcl\u00e9se teszi sz\u00fcks\u00e9gess\u00e9 a megfelel\u0151 v\u00edz\u00e1tereszt\u0151 k\u00e9pess\u00e9g helyre\u00e1ll\u00edt\u00e1s\u00e1nak \u00e9rdek\u00e9ben.<br \/>\n\u2013 A tervez\u00e9s sor\u00e1n figyelembe lett v\u00e9ve, hogy csak a helyben, illetve a ter\u00fcleten vissza nem tathat\u00f3, ott nem hasznos\u00edthat\u00f3 t\u00f6bbletvizek ker\u00fcljenek elvezet\u00e9sre.<br \/>\nA ter\u00fclet adotts\u00e1gait figyelembe v\u00e9ve lett megtervezve a felsz\u00edni v\u00edzelvezet\u00e9si rendszer, szikkaszt\u00f3 \u00e9s elvezet\u0151 rendszerek kombin\u00e1lt alkalmaz\u00e1s\u00e1val.<\/p>\n<p style=\"padding-left: 30px;\"><img loading=\"lazy\" decoding=\"async\" class=\"alignnone wp-image-14428 aligncenter\" src=\"http:\/\/www.atany.hu\/wp-content\/uploads\/2018\/07\/TOP-2.1.3-1024x719.jpg\" sizes=\"(max-width: 601px) 100vw, 601px\" srcset=\"http:\/\/www.atany.hu\/wp-content\/uploads\/2018\/07\/TOP-2.1.3-1024x719.jpg 1024w, http:\/\/www.atany.hu\/wp-content\/uploads\/2018\/07\/TOP-2.1.3-300x211.jpg 300w, http:\/\/www.atany.hu\/wp-content\/uploads\/2018\/07\/TOP-2.1.3-768x539.jpg 768w, http:\/\/www.atany.hu\/wp-content\/uploads\/2018\/07\/TOP-2.1.3-370x260.jpg 370w\" alt=\"\" width=\"601\" height=\"422\" \/><\/p>\n<p><img loading=\"lazy\" decoding=\"async\" class=\"wp-image-16 aligncenter\" src=\"http:\/\/atanyprojektek.infora.hu\/wp-content\/uploads\/2018\/11\/\u00daj-k\u00e9p.jpg\" alt=\"\" width=\"459\" height=\"317\" \/><\/p>\n<\/div>\n<\/div>\n<\/div>\n<\/div>\n<\/div>\n<\/div>\n","protected":false},"excerpt":{"rendered":"<p>Szeml\u00e9letform\u00e1l\u00f3 \u00e9s t\u00e1j\u00e9koztat\u00f3 f\u00f3rum ! 2018.\u00a0 okt\u00f3ber 25. \u00a0 Fel\u00faj\u00edtj\u00e1k a felsz\u00edni v\u00edzelvezet\u00e9si rendszert \u00c1t\u00e1nyban F\u00dcZES HIREK R\u00d6VID \u00d6SSZEFOGLAL\u00c1S A PROJEKTR\u0150L A telep\u00fcl\u00e9si v\u00edzgazd\u00e1lkod\u00e1s az iv\u00f3v\u00edzell\u00e1t\u00e1son, csatorn\u00e1z\u00e1son \u00e9s szennyv\u00edztiszt\u00edt\u00e1son t\u00fal tartalmazza a belter\u00fcleti csapad\u00e9kv\u00edz elvezet\u00e9s\u00e9t is. C\u00e9lja ma m\u00e1r a telep\u00fcl\u00e9si v\u00edz- \u00e9s az ahhoz kapcsol\u00f3d\u00f3 anyagforgalom egy\u00fcttes kezel\u00e9se, lehet\u0151s\u00e9g szerint oly m\u00f3don, hogy z\u00e1rt &#8230; <a title=\"TOP-2.1.3-15-HE1-2016-00002 &#8211; \u00c1t\u00e1ny k\u00f6zs\u00e9g felsz\u00edni v\u00edzelvezet\u00e9si rendszer\u00e9nek fel\u00faj\u00edt\u00e1sa\" class=\"read-more\" href=\"http:\/\/atanyprojektek.infora.hu\/index.php\/top-os-palyazataink\/top-2-1-3-15-he1-2016-00002\/\" aria-label=\"Tov\u00e1bbiak TOP-2.1.3-15-HE1-2016-00002 &#8211; \u00c1t\u00e1ny k\u00f6zs\u00e9g felsz\u00edni v\u00edzelvezet\u00e9si rendszer\u00e9nek fel\u00faj\u00edt\u00e1sa\">Olvass tov\u00e1bb<\/a><\/p>\n","protected":false},"author":1,"featured_media":0,"parent":402,"menu_order":2,"comment_status":"closed","ping_status":"closed","template":"","meta":{"footnotes":""},"class_list":["post-21","page","type-page","status-publish"],"_links":{"self":[{"href":"http:\/\/atanyprojektek.infora.hu\/index.php\/wp-json\/wp\/v2\/pages\/21"}],"collection":[{"href":"http:\/\/atanyprojektek.infora.hu\/index.php\/wp-json\/wp\/v2\/pages"}],"about":[{"href":"http:\/\/atanyprojektek.infora.hu\/index.php\/wp-json\/wp\/v2\/types\/page"}],"author":[{"embeddable":true,"href":"http:\/\/atanyprojektek.infora.hu\/index.php\/wp-json\/wp\/v2\/users\/1"}],"replies":[{"embeddable":true,"href":"http:\/\/atanyprojektek.infora.hu\/index.php\/wp-json\/wp\/v2\/comments?post=21"}],"version-history":[{"count":12,"href":"http:\/\/atanyprojektek.infora.hu\/index.php\/wp-json\/wp\/v2\/pages\/21\/revisions"}],"predecessor-version":[{"id":493,"href":"http:\/\/atanyprojektek.infora.hu\/index.php\/wp-json\/wp\/v2\/pages\/21\/revisions\/493"}],"up":[{"embeddable":true,"href":"http:\/\/atanyprojektek.infora.hu\/index.php\/wp-json\/wp\/v2\/pages\/402"}],"wp:attachment":[{"href":"http:\/\/atanyprojektek.infora.hu\/index.php\/wp-json\/wp\/v2\/media?parent=21"}],"curies":[{"name":"wp","href":"https:\/\/api.w.org\/{rel}","templated":true}]}}