{"id":386,"date":"2019-08-13T11:38:29","date_gmt":"2019-08-13T10:38:29","guid":{"rendered":"http:\/\/atanyprojektek.infora.hu\/?page_id=386"},"modified":"2020-10-03T18:04:18","modified_gmt":"2020-10-03T16:04:18","slug":"top-1-4-1-19","status":"publish","type":"page","link":"http:\/\/atanyprojektek.infora.hu\/index.php\/top-os-palyazataink\/top-1-4-1-19\/","title":{"rendered":"TOP-1.4.1-19 B\u00f6lcs\u0151dei f\u00e9r\u0151helyek kialak\u00edt\u00e1sa, b\u0151v\u00edt\u00e9se"},"content":{"rendered":"\n<p><img loading=\"lazy\" decoding=\"async\" class=\"aligncenter wp-image-569 size-full\" src=\"http:\/\/atanyprojektek.infora.hu\/wp-content\/uploads\/2020\/07\/N\u00e9vtelen.jpg\" alt=\"\" width=\"619\" height=\"481\" \/><\/p>\n<p style=\"text-align: center;\"><span style=\"color: #000080;\"><strong>TOP-1.4.1-19-HE1-2019-00002 Mini b\u00f6lcs\u0151de kialak\u00edt\u00e1sa \u00c1t\u00e1ny k\u00f6zs\u00e9gben<\/strong><\/span><\/p>\n<p style=\"text-align: center;\"><a href=\"http:\/\/atanyprojektek.infora.hu\/wp-content\/uploads\/2019\/08\/Felh\u00edv\u00e1s-1432.pdf\" class=\"pdfemb-viewer\" style=\"\" data-width=\"max\" data-height=\"max\" data-toolbar=\"bottom\" data-toolbar-fixed=\"on\">Felh\u00edv\u00e1s-1432<\/a><\/p>\n","protected":false},"excerpt":{"rendered":"<p>TOP-1.4.1-19-HE1-2019-00002 Mini b\u00f6lcs\u0151de kialak\u00edt\u00e1sa \u00c1t\u00e1ny k\u00f6zs\u00e9gben<\/p>\n","protected":false},"author":1,"featured_media":0,"parent":402,"menu_order":1,"comment_status":"closed","ping_status":"closed","template":"","meta":{"footnotes":""},"class_list":["post-386","page","type-page","status-publish"],"_links":{"self":[{"href":"http:\/\/atanyprojektek.infora.hu\/index.php\/wp-json\/wp\/v2\/pages\/386"}],"collection":[{"href":"http:\/\/atanyprojektek.infora.hu\/index.php\/wp-json\/wp\/v2\/pages"}],"about":[{"href":"http:\/\/atanyprojektek.infora.hu\/index.php\/wp-json\/wp\/v2\/types\/page"}],"author":[{"embeddable":true,"href":"http:\/\/atanyprojektek.infora.hu\/index.php\/wp-json\/wp\/v2\/users\/1"}],"replies":[{"embeddable":true,"href":"http:\/\/atanyprojektek.infora.hu\/index.php\/wp-json\/wp\/v2\/comments?post=386"}],"version-history":[{"count":3,"href":"http:\/\/atanyprojektek.infora.hu\/index.php\/wp-json\/wp\/v2\/pages\/386\/revisions"}],"predecessor-version":[{"id":581,"href":"http:\/\/atanyprojektek.infora.hu\/index.php\/wp-json\/wp\/v2\/pages\/386\/revisions\/581"}],"up":[{"embeddable":true,"href":"http:\/\/atanyprojektek.infora.hu\/index.php\/wp-json\/wp\/v2\/pages\/402"}],"wp:attachment":[{"href":"http:\/\/atanyprojektek.infora.hu\/index.php\/wp-json\/wp\/v2\/media?parent=386"}],"curies":[{"name":"wp","href":"https:\/\/api.w.org\/{rel}","templated":true}]}}