{"id":402,"date":"2019-08-18T14:27:51","date_gmt":"2019-08-18T12:27:51","guid":{"rendered":"http:\/\/atanyprojektek.infora.hu\/?page_id=402"},"modified":"2019-08-18T14:34:56","modified_gmt":"2019-08-18T12:34:56","slug":"top-os-palyazataink","status":"publish","type":"page","link":"http:\/\/atanyprojektek.infora.hu\/index.php\/top-os-palyazataink\/","title":{"rendered":"TOP-os p\u00e1ly\u00e1zataink"},"content":{"rendered":"\n<h3 style=\"text-align: center;\"><span style=\"font-size: 24px;\">Ter\u00fclet- \u00e9s Telep\u00fcl\u00e9sfejleszt\u00e9si Operat\u00edv Program (TOP)<\/span><\/h3>\n<h1 class=\"entry-title\"><strong><span style=\"font-size: 16px;\">&#8211; TOP-1.4.1-19 B\u00f6lcs\u0151dei f\u00e9r\u0151helyek kialak\u00edt\u00e1sa, b\u0151v\u00edt\u00e9se<\/span><\/strong><\/h1>\n<h1 class=\"entry-title\"><strong><span style=\"font-size: 16px;\">&#8211; TOP-2.1.3-15-HE1-2016-00002 \u2013 \u00c1t\u00e1ny k\u00f6zs\u00e9g felsz\u00edni v\u00edzelvezet\u00e9si rendszer\u00e9nek fel\u00faj\u00edt\u00e1sa<\/span><\/strong><\/h1>\n<p><strong><span style=\"font-size: 16px;\">&#8211; TOP-4.2.1-16-HE1-2017-00009 \u2013 Szoci\u00e1lis \u00e9tkeztet\u00e9st kiszolg\u00e1l\u00f3 konyha fel\u00faj\u00edt\u00e1sa, korszer\u0171s\u00edt\u00e9se \u00e9s felszerel\u00e9se, valamint az \u00e9tkez\u0151 ingatlanr\u00e9sz tet\u0151cser\u00e9je<\/span><\/strong><\/p>\n<p>\u00a0<\/p>\n","protected":false},"excerpt":{"rendered":"<p>Ter\u00fclet- \u00e9s Telep\u00fcl\u00e9sfejleszt\u00e9si Operat\u00edv Program (TOP) &#8211; TOP-1.4.1-19 B\u00f6lcs\u0151dei f\u00e9r\u0151helyek kialak\u00edt\u00e1sa, b\u0151v\u00edt\u00e9se &#8211; TOP-2.1.3-15-HE1-2016-00002 \u2013 \u00c1t\u00e1ny k\u00f6zs\u00e9g felsz\u00edni v\u00edzelvezet\u00e9si rendszer\u00e9nek fel\u00faj\u00edt\u00e1sa &#8211; TOP-4.2.1-16-HE1-2017-00009 \u2013 Szoci\u00e1lis \u00e9tkeztet\u00e9st kiszolg\u00e1l\u00f3 konyha fel\u00faj\u00edt\u00e1sa, korszer\u0171s\u00edt\u00e9se \u00e9s felszerel\u00e9se, valamint az \u00e9tkez\u0151 ingatlanr\u00e9sz tet\u0151cser\u00e9je \u00a0<\/p>\n","protected":false},"author":1,"featured_media":0,"parent":0,"menu_order":0,"comment_status":"closed","ping_status":"closed","template":"","meta":{"footnotes":""},"class_list":["post-402","page","type-page","status-publish"],"_links":{"self":[{"href":"http:\/\/atanyprojektek.infora.hu\/index.php\/wp-json\/wp\/v2\/pages\/402"}],"collection":[{"href":"http:\/\/atanyprojektek.infora.hu\/index.php\/wp-json\/wp\/v2\/pages"}],"about":[{"href":"http:\/\/atanyprojektek.infora.hu\/index.php\/wp-json\/wp\/v2\/types\/page"}],"author":[{"embeddable":true,"href":"http:\/\/atanyprojektek.infora.hu\/index.php\/wp-json\/wp\/v2\/users\/1"}],"replies":[{"embeddable":true,"href":"http:\/\/atanyprojektek.infora.hu\/index.php\/wp-json\/wp\/v2\/comments?post=402"}],"version-history":[{"count":2,"href":"http:\/\/atanyprojektek.infora.hu\/index.php\/wp-json\/wp\/v2\/pages\/402\/revisions"}],"predecessor-version":[{"id":409,"href":"http:\/\/atanyprojektek.infora.hu\/index.php\/wp-json\/wp\/v2\/pages\/402\/revisions\/409"}],"wp:attachment":[{"href":"http:\/\/atanyprojektek.infora.hu\/index.php\/wp-json\/wp\/v2\/media?parent=402"}],"curies":[{"name":"wp","href":"https:\/\/api.w.org\/{rel}","templated":true}]}}