{"id":405,"date":"2019-08-18T14:31:34","date_gmt":"2019-08-18T12:31:34","guid":{"rendered":"http:\/\/atanyprojektek.infora.hu\/?page_id=405"},"modified":"2019-08-18T14:31:43","modified_gmt":"2019-08-18T12:31:43","slug":"efop-os-palyazataink","status":"publish","type":"page","link":"http:\/\/atanyprojektek.infora.hu\/index.php\/efop-os-palyazataink\/","title":{"rendered":"EFOP-os p\u00e1ly\u00e1zataink"},"content":{"rendered":"\n<h3 style=\"text-align: center;\">Emberi Er\u0151forr\u00e1s Fejleszt\u00e9si Operat\u00edv Program (EFOP)<\/h3>\n<h1 class=\"entry-title\" style=\"text-align: left;\"><span style=\"font-size: 16px;\">&#8211; <\/span><span style=\"font-size: 16px;\">EFOP-1.6.2-16-2017-00118 \u2013 Javul a szegreg\u00e1tumban \u00e9l\u0151k helyzete \u00c1t\u00e1nyban<\/span><\/h1>\n<h1 class=\"entry-title\" style=\"text-align: left;\"><span style=\"font-size: 16px;\">&#8211; EFOP-2.4.1-16-2017-00058 \u2013 Lakhat\u00e1si c\u00e9l\u00fa beruh\u00e1z\u00e1sok megval\u00f3s\u00edt\u00e1sa \u00c1t\u00e1nyban<\/span><\/h1>\n<p>\u00a0<\/p>\n","protected":false},"excerpt":{"rendered":"<p>Emberi Er\u0151forr\u00e1s Fejleszt\u00e9si Operat\u00edv Program (EFOP) &#8211; EFOP-1.6.2-16-2017-00118 \u2013 Javul a szegreg\u00e1tumban \u00e9l\u0151k helyzete \u00c1t\u00e1nyban &#8211; EFOP-2.4.1-16-2017-00058 \u2013 Lakhat\u00e1si c\u00e9l\u00fa beruh\u00e1z\u00e1sok megval\u00f3s\u00edt\u00e1sa \u00c1t\u00e1nyban \u00a0<\/p>\n","protected":false},"author":1,"featured_media":0,"parent":0,"menu_order":0,"comment_status":"closed","ping_status":"closed","template":"","meta":{"footnotes":""},"class_list":["post-405","page","type-page","status-publish"],"_links":{"self":[{"href":"http:\/\/atanyprojektek.infora.hu\/index.php\/wp-json\/wp\/v2\/pages\/405"}],"collection":[{"href":"http:\/\/atanyprojektek.infora.hu\/index.php\/wp-json\/wp\/v2\/pages"}],"about":[{"href":"http:\/\/atanyprojektek.infora.hu\/index.php\/wp-json\/wp\/v2\/types\/page"}],"author":[{"embeddable":true,"href":"http:\/\/atanyprojektek.infora.hu\/index.php\/wp-json\/wp\/v2\/users\/1"}],"replies":[{"embeddable":true,"href":"http:\/\/atanyprojektek.infora.hu\/index.php\/wp-json\/wp\/v2\/comments?post=405"}],"version-history":[{"count":1,"href":"http:\/\/atanyprojektek.infora.hu\/index.php\/wp-json\/wp\/v2\/pages\/405\/revisions"}],"predecessor-version":[{"id":407,"href":"http:\/\/atanyprojektek.infora.hu\/index.php\/wp-json\/wp\/v2\/pages\/405\/revisions\/407"}],"wp:attachment":[{"href":"http:\/\/atanyprojektek.infora.hu\/index.php\/wp-json\/wp\/v2\/media?parent=405"}],"curies":[{"name":"wp","href":"https:\/\/api.w.org\/{rel}","templated":true}]}}