{"id":71,"date":"2018-11-18T10:40:18","date_gmt":"2018-11-18T10:40:18","guid":{"rendered":"http:\/\/atanyprojektek.infora.hu\/?page_id=71"},"modified":"2020-06-15T09:42:04","modified_gmt":"2020-06-15T07:42:04","slug":"efop-1-6-2-1","status":"publish","type":"page","link":"http:\/\/atanyprojektek.infora.hu\/index.php\/efop-os-palyazataink\/efop-1-6-2-1\/","title":{"rendered":"EFOP-1.6.2-16-2017-00118 &#8211; Javul a szegreg\u00e1tumban \u00e9l\u0151k helyzete \u00c1t\u00e1nyban"},"content":{"rendered":"\n<div style=\"text-align: center;\"><strong><span style=\"font-size: 20px;\">A projekt egy telep\u00fcl\u00e9sfejleszt\u0151 program, melynek c\u00e9lja a szegreg\u00e1lt \u00e9lethelyzetek felsz\u00e1mol\u00e1sa komplex programokkal.<\/span><\/strong><\/div>\n<div style=\"text-align: justify;\">&nbsp;<\/div>\n<div style=\"text-align: justify;\">A projekt f\u0151 p\u00e1ly\u00e1z\u00f3ja <em><strong>\u00c1t\u00e1ny K\u00f6zs\u00e9g \u00d6nkorm\u00e1nyzat<\/strong><\/em>a, a konzorcium partner a <em><strong>SZOCI\u00c1LIS INNOV\u00c1CI\u00d3 ALAP\u00cdTV\u00c1NY<\/strong><\/em> A kelet-eur\u00f3pai t\u00e9rs\u00e9g fejleszt\u00e9s\u00e9\u00e9rt.<\/div>\n<div style=\"text-align: justify;\">&nbsp;<\/div>\n<div style=\"text-align: justify;\">A p\u00e1ly\u00e1zat r\u00e9v\u00e9n a k\u00e9t p\u00e1ly\u00e1z\u00f3&nbsp;195.300.097 Ft t\u00e1mogat\u00e1st kapott <em><strong>(100%-os t\u00e1mogat\u00e1s form\u00e1j\u00e1ban)<\/strong><\/em>, mely t\u00e1mogat\u00e1s \u00f6ner\u0151t nem ig\u00e9nyel. A t\u00e1mogat\u00e1st az <em>Eur\u00f3pai Szoci\u00e1lis Alap<\/em> biztos\u00edtja.<\/div>\n<div style=\"text-align: justify;\">&nbsp;<\/div>\n<div style=\"text-align: justify;\">A projekt h\u00e1rom \u00e9ves id\u0151tartam\u00fa, az \u00d6nkorm\u00e1nyzat \u00e9s az Alap\u00edtv\u00e1ny k\u00f6z\u00f6s munk\u00e1ja 2018. \u00e1prilis 1-j\u00e9n indult,&nbsp; a tervek szerint <em><strong>2021. \u00e1prilis 1<\/strong><\/em>-j\u00e9vel z\u00e1rult volna, azonban a koronav\u00edrus okozta vesz\u00e9lyhelyzetre tekintettel a program 3 h\u00f3nappal meghosszabbodott, \u00edgy a v\u00e9ge: <em>2021. j\u00fanius 30-ra tol\u00f3dott ki.<\/em><\/div>\n<div>&nbsp;<\/div>\n<div style=\"text-align: justify;\"><span style=\"font-size: 12px;\">A projektr\u0151l b\u0151vebben olvashatnak a lapozhat\u00f3 kis bemutatkoz\u00f3 f\u00fczet\u00fcnkben<\/span>. <span style=\"font-size: 24px;\"><strong>\u2193<\/strong><\/span><\/div>\n<div>&nbsp;<\/div>\n<div><a href=\"http:\/\/atanyprojektek.infora.hu\/wp-content\/uploads\/2018\/11\/P\u00e1ly\u00e1zati-bemutatkoz\u00f3-f\u00fczet.pdf\" class=\"pdfemb-viewer\" style=\"\" data-width=\"max\" data-height=\"max\" data-toolbar=\"bottom\" data-toolbar-fixed=\"on\">P\u00e1ly\u00e1zati-bemutatkoz\u00f3-f\u00fczet<\/a><\/div>\n\n\n\n<p class=\"wp-block-pdfemb-pdf-embedder-viewer\"><\/p>\n\n\n\n<p style=\"text-align: center;\">\u00c1t\u00e1ny Csillagpont 3371 \u00c1t\u00e1ny \u00d6tv\u00f6st\u00e1bornok u. 21. <iframe loading=\"lazy\" style=\"border: 0;\" src=\"https:\/\/www.google.com\/maps\/embed?pb=!1m18!1m12!1m3!1d2689.7296306704275!2d20.358353415558202!3d47.61194667918506!2m3!1f0!2f0!3f0!3m2!1i1024!2i768!4f13.1!3m3!1m2!1s0x4740e12b25c84017%3A0x9118d2e254debba8!2zw4F0w6FueSwgw5Z0dsO2c3TDoWJvcm5vayDDunQgMjEsIDMzNzE!5e0!3m2!1shu!2shu!4v1561888888687!5m2!1shu!2shu\" allowfullscreen=\"allowfullscreen\" width=\"600\" height=\"450\" frameborder=\"0\"><\/iframe><\/p>\n<p style=\"text-align: center;\"><span style=\"color: #000080;\"><a style=\"color: #000080;\" title=\"Fut\u00f3 projektek - \u00c1t\u00e1ny\" href=\"https:\/\/www.szia.org\/projektjeink\/\" target=\"_blank\" rel=\"noopener\">https:\/\/www.szia.org\/projektjeink\/<\/a><\/span><\/p>\n<p><img loading=\"lazy\" decoding=\"async\" class=\"alignnone size-full wp-image-494 aligncenter\" src=\"http:\/\/atanyprojektek.infora.hu\/wp-content\/uploads\/2020\/05\/SZIA-74.png\" alt=\"\" width=\"330\" height=\"199\"><\/p>\n<p style=\"text-align: center;\"><a href=\"http:\/\/atanyprojektek.infora.hu\/wp-content\/uploads\/2019\/06\/EFOP_1.6.2_Felhivas-1.pdf\" class=\"pdfemb-viewer\" style=\"\" data-width=\"max\" data-height=\"max\" data-toolbar=\"bottom\" data-toolbar-fixed=\"on\">EFOP_1.6.2_Felhivas-1<\/a><\/p>\n<p>&nbsp;<\/p>\n<p>2018.11.18.<\/p>\n","protected":false},"excerpt":{"rendered":"<p>A projekt egy telep\u00fcl\u00e9sfejleszt\u0151 program, melynek c\u00e9lja a szegreg\u00e1lt \u00e9lethelyzetek felsz\u00e1mol\u00e1sa komplex programokkal. &nbsp; A projekt f\u0151 p\u00e1ly\u00e1z\u00f3ja \u00c1t\u00e1ny K\u00f6zs\u00e9g \u00d6nkorm\u00e1nyzata, a konzorcium partner a SZOCI\u00c1LIS INNOV\u00c1CI\u00d3 ALAP\u00cdTV\u00c1NY A kelet-eur\u00f3pai t\u00e9rs\u00e9g fejleszt\u00e9s\u00e9\u00e9rt. &nbsp; A p\u00e1ly\u00e1zat r\u00e9v\u00e9n a k\u00e9t p\u00e1ly\u00e1z\u00f3&nbsp;195.300.097 Ft t\u00e1mogat\u00e1st kapott (100%-os t\u00e1mogat\u00e1s form\u00e1j\u00e1ban), mely t\u00e1mogat\u00e1s \u00f6ner\u0151t nem ig\u00e9nyel. A t\u00e1mogat\u00e1st az Eur\u00f3pai Szoci\u00e1lis &#8230; <a title=\"EFOP-1.6.2-16-2017-00118 &#8211; Javul a szegreg\u00e1tumban \u00e9l\u0151k helyzete \u00c1t\u00e1nyban\" class=\"read-more\" href=\"http:\/\/atanyprojektek.infora.hu\/index.php\/efop-os-palyazataink\/efop-1-6-2-1\/\" aria-label=\"Tov\u00e1bbiak EFOP-1.6.2-16-2017-00118 &#8211; Javul a szegreg\u00e1tumban \u00e9l\u0151k helyzete \u00c1t\u00e1nyban\">Olvass tov\u00e1bb<\/a><\/p>\n","protected":false},"author":1,"featured_media":0,"parent":405,"menu_order":1,"comment_status":"closed","ping_status":"closed","template":"","meta":{"footnotes":""},"class_list":["post-71","page","type-page","status-publish"],"_links":{"self":[{"href":"http:\/\/atanyprojektek.infora.hu\/index.php\/wp-json\/wp\/v2\/pages\/71"}],"collection":[{"href":"http:\/\/atanyprojektek.infora.hu\/index.php\/wp-json\/wp\/v2\/pages"}],"about":[{"href":"http:\/\/atanyprojektek.infora.hu\/index.php\/wp-json\/wp\/v2\/types\/page"}],"author":[{"embeddable":true,"href":"http:\/\/atanyprojektek.infora.hu\/index.php\/wp-json\/wp\/v2\/users\/1"}],"replies":[{"embeddable":true,"href":"http:\/\/atanyprojektek.infora.hu\/index.php\/wp-json\/wp\/v2\/comments?post=71"}],"version-history":[{"count":31,"href":"http:\/\/atanyprojektek.infora.hu\/index.php\/wp-json\/wp\/v2\/pages\/71\/revisions"}],"predecessor-version":[{"id":548,"href":"http:\/\/atanyprojektek.infora.hu\/index.php\/wp-json\/wp\/v2\/pages\/71\/revisions\/548"}],"up":[{"embeddable":true,"href":"http:\/\/atanyprojektek.infora.hu\/index.php\/wp-json\/wp\/v2\/pages\/405"}],"wp:attachment":[{"href":"http:\/\/atanyprojektek.infora.hu\/index.php\/wp-json\/wp\/v2\/media?parent=71"}],"curies":[{"name":"wp","href":"https:\/\/api.w.org\/{rel}","templated":true}]}}