{"id":75,"date":"2018-11-18T10:45:04","date_gmt":"2018-11-18T10:45:04","guid":{"rendered":"http:\/\/atanyprojektek.infora.hu\/?page_id=75"},"modified":"2020-06-12T18:04:07","modified_gmt":"2020-06-12T16:04:07","slug":"top-4-2-1","status":"publish","type":"page","link":"http:\/\/atanyprojektek.infora.hu\/index.php\/top-os-palyazataink\/top-4-2-1\/","title":{"rendered":"TOP-4.2.1-16-HE1-2017-00009 &#8211; Szoci\u00e1lis \u00e9tkeztet\u00e9st kiszolg\u00e1l\u00f3 konyha fel\u00faj\u00edt\u00e1sa, korszer\u0171s\u00edt\u00e9se \u00e9s felszerel\u00e9se, valamint az \u00e9tkez\u0151 ingatlanr\u00e9sz tet\u0151cser\u00e9je"},"content":{"rendered":"\n<p><\/p>\n\n\n\n<p><a href=\"http:\/\/www.atany.hu\/kozsegi-onkormanyzat\/onkormanyzati-intezmenyek\/gondozasi-kozpont\/\" target=\"_blank\" rel=\"noopener noreferrer\"><img loading=\"lazy\" decoding=\"async\" class=\"alignnone wp-image-371 size-full\" src=\"http:\/\/atanyprojektek.infora.hu\/wp-content\/uploads\/2019\/07\/t\u00e1bla.jpg\" alt=\"TOP-4.2.1 t\u00e1bla\" width=\"3557\" height=\"2177\" srcset=\"http:\/\/atanyprojektek.infora.hu\/wp-content\/uploads\/2019\/07\/t\u00e1bla.jpg 3557w, http:\/\/atanyprojektek.infora.hu\/wp-content\/uploads\/2019\/07\/t\u00e1bla-768x470.jpg 768w\" sizes=\"(max-width: 3557px) 100vw, 3557px\" \/><\/a><\/p>\n<p style=\"text-align: center;\"><a href=\"http:\/\/atanyprojektek.infora.hu\/wp-content\/uploads\/2019\/02\/\u00f6sszefoglal\u00f3_\u00c1t\u00e1ny-konyha.pdf\" class=\"pdfemb-viewer\" style=\"\" data-width=\"max\" data-height=\"max\" data-toolbar=\"bottom\" data-toolbar-fixed=\"on\">\u00f6sszefoglal\u00f3_\u00c1t\u00e1ny konyha<\/a><\/p>\n<p style=\"text-align: center;\"><a href=\"http:\/\/atanyprojektek.infora.hu\/wp-content\/uploads\/2019\/02\/Felhivas-935.pdf\" class=\"pdfemb-viewer\" style=\"\" data-width=\"max\" data-height=\"max\" data-toolbar=\"bottom\" data-toolbar-fixed=\"on\">Felhivas-935<\/a><\/p>\n<p style=\"text-align: center;\">A fel\u00faj\u00edt\u00e1s 157 n\u00e9gyzetm\u00e9ternyi ter\u00fcletet \u00e9rintett, a g\u00e9p\u00e9szeti korszer\u0171s\u00edt\u00e9s pedig a teljes konyh\u00e1ra kiterjedt. Az alapszolg\u00e1ltat\u00e1s korszer\u0171s\u00edt\u00e9se \u00e9s a f\u0151z\u00e9si folyamatok optimaliz\u00e1l\u00e1sa r\u00e9v\u00e9n a konyha imm\u00e1r 800 napi adagot tud elk\u00e9sz\u00edteni, a technol\u00f3giai \u00faj\u00edt\u00e1sok pedig 15 %-os megtakar\u00edt\u00e1st eredm\u00e9nyezhetnek .\u00a0<\/p>\n<p style=\"text-align: center;\">Megval\u00f3s\u00edt\u00e1s helysz\u00edne:<\/p>\n<p style=\"text-align: center;\">\u00c1t\u00e1nyi \u00d3voda 3371 \u00c1t\u00e1ny Bem J\u00f3zsef u. 22.-26.<\/p>\n<p><img loading=\"lazy\" decoding=\"async\" class=\" wp-image-149 aligncenter\" src=\"http:\/\/atanyprojektek.infora.hu\/wp-content\/uploads\/2019\/02\/DSC_0036-300x225-e1561907378596.jpg\" alt=\"\" width=\"372\" height=\"279\" \/><\/p>\n<p><img decoding=\"async\" class=\"aligncenter\" src=\"https:\/\/www.heol.hu\/wp-content\/uploads\/2019\/08\/+otf\/922w\/voda1.jpg\" alt=\"\" \/><\/p>\n<p><img decoding=\"async\" class=\"aligncenter\" src=\"http:\/\/fuzeshirek.hu\/wp-content\/uploads\/2020\/02\/%C3%A1t%C3%A1ny.jpg\" \/><\/p>\n<p style=\"text-align: center;\"><iframe loading=\"lazy\" style=\"border: 0;\" src=\"https:\/\/www.google.com\/maps\/embed?pb=!1m18!1m12!1m3!1d2689.4208719258213!2d20.356515815558357!3d47.617949579185414!2m3!1f0!2f0!3f0!3m2!1i1024!2i768!4f13.1!3m3!1m2!1s0x4740e6d3d73e5c4b%3A0x333cd44d45b87d68!2zw4F0w6FueSwgQmVtIErDs3pzZWYgw7p0IDI2LCAzMzcx!5e0!3m2!1shu!2shu!4v1561887652523!5m2!1shu!2shu\" width=\"600\" height=\"450\" frameborder=\"0\" allowfullscreen=\"allowfullscreen\"><\/iframe><\/p>\n<p style=\"text-align: center;\">Gondoz\u00e1si K\u00f6zpont 3371 \u00c1t\u00e1ny II. R\u00e1k\u00f3czi F. u. 34.<\/p>\n<p><img loading=\"lazy\" decoding=\"async\" class=\"wp-image-146 aligncenter\" src=\"http:\/\/atanyprojektek.infora.hu\/wp-content\/uploads\/2019\/02\/gk-793x490.jpg\" alt=\"\" width=\"462\" height=\"286\" srcset=\"http:\/\/atanyprojektek.infora.hu\/wp-content\/uploads\/2019\/02\/gk-793x490.jpg 793w, http:\/\/atanyprojektek.infora.hu\/wp-content\/uploads\/2019\/02\/gk-793x490-768x475.jpg 768w\" sizes=\"(max-width: 462px) 100vw, 462px\" \/><img loading=\"lazy\" decoding=\"async\" class=\" wp-image-370 aligncenter\" src=\"http:\/\/atanyprojektek.infora.hu\/wp-content\/uploads\/2019\/07\/WA0009-PANO.jpg\" alt=\"\" width=\"569\" height=\"262\" srcset=\"http:\/\/atanyprojektek.infora.hu\/wp-content\/uploads\/2019\/07\/WA0009-PANO.jpg 2242w, http:\/\/atanyprojektek.infora.hu\/wp-content\/uploads\/2019\/07\/WA0009-PANO-768x353.jpg 768w\" sizes=\"(max-width: 569px) 100vw, 569px\" \/><\/p>\n<p>\u00a0 \u00a0 \u00a0 \u00a0 \u00a0 \u00a0 \u00a0 \u00a0 \u00a0 \u00a0 \u00a0 \u00a0 \u00a0 \u00a0 \u00a0 \u00a0 \u00a0 \u00a0 \u00a0 \u00a0 \u00a0 \u00a0 <iframe loading=\"lazy\" style=\"border: 0;\" src=\"https:\/\/www.google.com\/maps\/embed?pb=!1m18!1m12!1m3!1d2689.4817937954017!2d20.35661601555829!3d47.61676517918532!2m3!1f0!2f0!3f0!3m2!1i1024!2i768!4f13.1!3m3!1m2!1s0x4740e6d3bfc9d5b1%3A0xa79d9aa1590e4534!2zw4F0w6FueSwgSUkuIFLDoWvDs2N6aSBGZXJlbmMgw7p0IDM0LCAzMzcx!5e0!3m2!1shu!2shu!4v1561888242297!5m2!1shu!2shu\" width=\"600\" height=\"450\" frameborder=\"0\" allowfullscreen=\"allowfullscreen\"><\/iframe><\/p>\n<p style=\"text-align: center;\">\u00a0<\/p>\n","protected":false},"excerpt":{"rendered":"<p>A fel\u00faj\u00edt\u00e1s 157 n\u00e9gyzetm\u00e9ternyi ter\u00fcletet \u00e9rintett, a g\u00e9p\u00e9szeti korszer\u0171s\u00edt\u00e9s pedig a teljes konyh\u00e1ra kiterjedt. Az alapszolg\u00e1ltat\u00e1s korszer\u0171s\u00edt\u00e9se \u00e9s a f\u0151z\u00e9si folyamatok optimaliz\u00e1l\u00e1sa r\u00e9v\u00e9n a konyha imm\u00e1r 800 napi adagot tud elk\u00e9sz\u00edteni, a technol\u00f3giai \u00faj\u00edt\u00e1sok pedig 15 %-os megtakar\u00edt\u00e1st eredm\u00e9nyezhetnek .\u00a0 Megval\u00f3s\u00edt\u00e1s helysz\u00edne: \u00c1t\u00e1nyi \u00d3voda 3371 \u00c1t\u00e1ny Bem J\u00f3zsef u. 22.-26. Gondoz\u00e1si K\u00f6zpont 3371 \u00c1t\u00e1ny II. &#8230; <a title=\"TOP-4.2.1-16-HE1-2017-00009 &#8211; Szoci\u00e1lis \u00e9tkeztet\u00e9st kiszolg\u00e1l\u00f3 konyha fel\u00faj\u00edt\u00e1sa, korszer\u0171s\u00edt\u00e9se \u00e9s felszerel\u00e9se, valamint az \u00e9tkez\u0151 ingatlanr\u00e9sz tet\u0151cser\u00e9je\" class=\"read-more\" href=\"http:\/\/atanyprojektek.infora.hu\/index.php\/top-os-palyazataink\/top-4-2-1\/\" aria-label=\"Tov\u00e1bbiak TOP-4.2.1-16-HE1-2017-00009 &#8211; Szoci\u00e1lis \u00e9tkeztet\u00e9st kiszolg\u00e1l\u00f3 konyha fel\u00faj\u00edt\u00e1sa, korszer\u0171s\u00edt\u00e9se \u00e9s felszerel\u00e9se, valamint az \u00e9tkez\u0151 ingatlanr\u00e9sz tet\u0151cser\u00e9je\">Olvass tov\u00e1bb<\/a><\/p>\n","protected":false},"author":1,"featured_media":0,"parent":402,"menu_order":3,"comment_status":"closed","ping_status":"closed","template":"","meta":{"footnotes":""},"class_list":["post-75","page","type-page","status-publish"],"_links":{"self":[{"href":"http:\/\/atanyprojektek.infora.hu\/index.php\/wp-json\/wp\/v2\/pages\/75"}],"collection":[{"href":"http:\/\/atanyprojektek.infora.hu\/index.php\/wp-json\/wp\/v2\/pages"}],"about":[{"href":"http:\/\/atanyprojektek.infora.hu\/index.php\/wp-json\/wp\/v2\/types\/page"}],"author":[{"embeddable":true,"href":"http:\/\/atanyprojektek.infora.hu\/index.php\/wp-json\/wp\/v2\/users\/1"}],"replies":[{"embeddable":true,"href":"http:\/\/atanyprojektek.infora.hu\/index.php\/wp-json\/wp\/v2\/comments?post=75"}],"version-history":[{"count":45,"href":"http:\/\/atanyprojektek.infora.hu\/index.php\/wp-json\/wp\/v2\/pages\/75\/revisions"}],"predecessor-version":[{"id":558,"href":"http:\/\/atanyprojektek.infora.hu\/index.php\/wp-json\/wp\/v2\/pages\/75\/revisions\/558"}],"up":[{"embeddable":true,"href":"http:\/\/atanyprojektek.infora.hu\/index.php\/wp-json\/wp\/v2\/pages\/402"}],"wp:attachment":[{"href":"http:\/\/atanyprojektek.infora.hu\/index.php\/wp-json\/wp\/v2\/media?parent=75"}],"curies":[{"name":"wp","href":"https:\/\/api.w.org\/{rel}","templated":true}]}}